{"id":8722,"date":"2025-02-28T14:18:19","date_gmt":"2025-02-28T14:18:19","guid":{"rendered":"https:\/\/www.defimorsogril.com\/performance\/"},"modified":"2025-10-13T12:36:23","modified_gmt":"2025-10-13T12:36:23","slug":"performance","status":"publish","type":"page","link":"https:\/\/www.defimorsogril.com\/fr\/performance\/","title":{"rendered":"Performance"},"content":{"rendered":"","protected":false},"excerpt":{"rendered":"","protected":false},"author":11754,"featured_media":0,"parent":0,"menu_order":0,"comment_status":"closed","ping_status":"closed","template":"page-templates\/page-performance.php","meta":{"_acf_changed":false,"footnotes":""},"class_list":["post-8722","page","type-page","status-publish","hentry"],"acf":[],"yoast_head":"<!-- This site is optimized with the Yoast SEO plugin v26.2 - https:\/\/yoast.com\/wordpress\/plugins\/seo\/ -->\n<title>Performance - Defim Orsogril<\/title>\n<meta name=\"description\" content=\"Avec 450 km de cl\u00f4tures et 3 millions de panneaux produits chaque ann\u00e9e, nos produits sont synonymes d&#039;efficacit\u00e9, de design et de r\u00e9sistance\" \/>\n<meta name=\"robots\" content=\"index, follow, max-snippet:-1, max-image-preview:large, max-video-preview:-1\" \/>\n<link rel=\"canonical\" href=\"https:\/\/www.defimorsogril.com\/fr\/performance\/\" \/>\n<meta property=\"og:locale\" content=\"fr_FR\" \/>\n<meta property=\"og:type\" content=\"article\" \/>\n<meta property=\"og:title\" content=\"Performance - Defim Orsogril\" \/>\n<meta property=\"og:description\" content=\"Avec 450 km de cl\u00f4tures et 3 millions de panneaux produits chaque ann\u00e9e, nos produits sont synonymes d&#039;efficacit\u00e9, de design et de r\u00e9sistance\" \/>\n<meta property=\"og:url\" content=\"https:\/\/www.defimorsogril.com\/fr\/performance\/\" \/>\n<meta property=\"og:site_name\" content=\"Defim Orsogril\" \/>\n<meta property=\"article:publisher\" content=\"https:\/\/www.facebook.com\/NuovaDefim.Orsogril\/?locale=it_IT\" \/>\n<meta property=\"article:modified_time\" content=\"2025-10-13T12:36:23+00:00\" \/>\n<meta name=\"twitter:card\" content=\"summary_large_image\" \/>\n<meta name=\"twitter:site\" content=\"@NuovaDefim\" \/>\n<script type=\"application\/ld+json\" class=\"yoast-schema-graph\">{\"@context\":\"https:\/\/schema.org\",\"@graph\":[{\"@type\":\"WebPage\",\"@id\":\"https:\/\/www.defimorsogril.com\/fr\/performance\/\",\"url\":\"https:\/\/www.defimorsogril.com\/fr\/performance\/\",\"name\":\"Performance - Defim Orsogril\",\"isPartOf\":{\"@id\":\"https:\/\/www.defimorsogril.com\/fr\/#website\"},\"datePublished\":\"2025-02-28T14:18:19+00:00\",\"dateModified\":\"2025-10-13T12:36:23+00:00\",\"description\":\"Avec 450 km de cl\u00f4tures et 3 millions de panneaux produits chaque ann\u00e9e, nos produits sont synonymes d'efficacit\u00e9, de design et de r\u00e9sistance\",\"breadcrumb\":{\"@id\":\"https:\/\/www.defimorsogril.com\/fr\/performance\/#breadcrumb\"},\"inLanguage\":\"fr-FR\",\"potentialAction\":[{\"@type\":\"ReadAction\",\"target\":[\"https:\/\/www.defimorsogril.com\/fr\/performance\/\"]}]},{\"@type\":\"BreadcrumbList\",\"@id\":\"https:\/\/www.defimorsogril.com\/fr\/performance\/#breadcrumb\",\"itemListElement\":[{\"@type\":\"ListItem\",\"position\":1,\"name\":\"Home\",\"item\":\"https:\/\/www.defimorsogril.com\/fr\/\"},{\"@type\":\"ListItem\",\"position\":2,\"name\":\"Performance\"}]},{\"@type\":\"WebSite\",\"@id\":\"https:\/\/www.defimorsogril.com\/fr\/#website\",\"url\":\"https:\/\/www.defimorsogril.com\/fr\/\",\"name\":\"Defim Orsogril\",\"description\":\"Steel &amp; Style\",\"publisher\":{\"@id\":\"https:\/\/www.defimorsogril.com\/fr\/#organization\"},\"alternateName\":\"Defim\",\"potentialAction\":[{\"@type\":\"SearchAction\",\"target\":{\"@type\":\"EntryPoint\",\"urlTemplate\":\"https:\/\/www.defimorsogril.com\/fr\/?s={search_term_string}\"},\"query-input\":{\"@type\":\"PropertyValueSpecification\",\"valueRequired\":true,\"valueName\":\"search_term_string\"}}],\"inLanguage\":\"fr-FR\"},{\"@type\":\"Organization\",\"@id\":\"https:\/\/www.defimorsogril.com\/fr\/#organization\",\"name\":\"Defim Orsogril Spa\",\"alternateName\":\"Defim\",\"url\":\"https:\/\/www.defimorsogril.com\/fr\/\",\"logo\":{\"@type\":\"ImageObject\",\"inLanguage\":\"fr-FR\",\"@id\":\"https:\/\/www.defimorsogril.com\/fr\/#\/schema\/logo\/image\/\",\"url\":\"https:\/\/www.defimorsogril.com\/wp-content\/uploads\/2025\/03\/defim-orsogril-logo-white.svg\",\"contentUrl\":\"https:\/\/www.defimorsogril.com\/wp-content\/uploads\/2025\/03\/defim-orsogril-logo-white.svg\",\"width\":1,\"height\":1,\"caption\":\"Defim Orsogril Spa\"},\"image\":{\"@id\":\"https:\/\/www.defimorsogril.com\/fr\/#\/schema\/logo\/image\/\"},\"sameAs\":[\"https:\/\/www.facebook.com\/NuovaDefim.Orsogril\/?locale=it_IT\",\"https:\/\/x.com\/NuovaDefim\",\"https:\/\/www.linkedin.com\/company\/nuova-defim\/?originalSubdomain=it\",\"https:\/\/www.youtube.com\/user\/NuovaDefimSpa\",\"https:\/\/www.instagram.com\/nuovadefimorsogril\/\"]}]}<\/script>\n<!-- \/ Yoast SEO plugin. -->","yoast_head_json":{"title":"Performance - Defim Orsogril","description":"Avec 450 km de cl\u00f4tures et 3 millions de panneaux produits chaque ann\u00e9e, nos produits sont synonymes d'efficacit\u00e9, de design et de r\u00e9sistance","robots":{"index":"index","follow":"follow","max-snippet":"max-snippet:-1","max-image-preview":"max-image-preview:large","max-video-preview":"max-video-preview:-1"},"canonical":"https:\/\/www.defimorsogril.com\/fr\/performance\/","og_locale":"fr_FR","og_type":"article","og_title":"Performance - Defim Orsogril","og_description":"Avec 450 km de cl\u00f4tures et 3 millions de panneaux produits chaque ann\u00e9e, nos produits sont synonymes d'efficacit\u00e9, de design et de r\u00e9sistance","og_url":"https:\/\/www.defimorsogril.com\/fr\/performance\/","og_site_name":"Defim Orsogril","article_publisher":"https:\/\/www.facebook.com\/NuovaDefim.Orsogril\/?locale=it_IT","article_modified_time":"2025-10-13T12:36:23+00:00","twitter_card":"summary_large_image","twitter_site":"@NuovaDefim","schema":{"@context":"https:\/\/schema.org","@graph":[{"@type":"WebPage","@id":"https:\/\/www.defimorsogril.com\/fr\/performance\/","url":"https:\/\/www.defimorsogril.com\/fr\/performance\/","name":"Performance - Defim Orsogril","isPartOf":{"@id":"https:\/\/www.defimorsogril.com\/fr\/#website"},"datePublished":"2025-02-28T14:18:19+00:00","dateModified":"2025-10-13T12:36:23+00:00","description":"Avec 450 km de cl\u00f4tures et 3 millions de panneaux produits chaque ann\u00e9e, nos produits sont synonymes d'efficacit\u00e9, de design et de r\u00e9sistance","breadcrumb":{"@id":"https:\/\/www.defimorsogril.com\/fr\/performance\/#breadcrumb"},"inLanguage":"fr-FR","potentialAction":[{"@type":"ReadAction","target":["https:\/\/www.defimorsogril.com\/fr\/performance\/"]}]},{"@type":"BreadcrumbList","@id":"https:\/\/www.defimorsogril.com\/fr\/performance\/#breadcrumb","itemListElement":[{"@type":"ListItem","position":1,"name":"Home","item":"https:\/\/www.defimorsogril.com\/fr\/"},{"@type":"ListItem","position":2,"name":"Performance"}]},{"@type":"WebSite","@id":"https:\/\/www.defimorsogril.com\/fr\/#website","url":"https:\/\/www.defimorsogril.com\/fr\/","name":"Defim Orsogril","description":"Steel &amp; Style","publisher":{"@id":"https:\/\/www.defimorsogril.com\/fr\/#organization"},"alternateName":"Defim","potentialAction":[{"@type":"SearchAction","target":{"@type":"EntryPoint","urlTemplate":"https:\/\/www.defimorsogril.com\/fr\/?s={search_term_string}"},"query-input":{"@type":"PropertyValueSpecification","valueRequired":true,"valueName":"search_term_string"}}],"inLanguage":"fr-FR"},{"@type":"Organization","@id":"https:\/\/www.defimorsogril.com\/fr\/#organization","name":"Defim Orsogril Spa","alternateName":"Defim","url":"https:\/\/www.defimorsogril.com\/fr\/","logo":{"@type":"ImageObject","inLanguage":"fr-FR","@id":"https:\/\/www.defimorsogril.com\/fr\/#\/schema\/logo\/image\/","url":"https:\/\/www.defimorsogril.com\/wp-content\/uploads\/2025\/03\/defim-orsogril-logo-white.svg","contentUrl":"https:\/\/www.defimorsogril.com\/wp-content\/uploads\/2025\/03\/defim-orsogril-logo-white.svg","width":1,"height":1,"caption":"Defim Orsogril Spa"},"image":{"@id":"https:\/\/www.defimorsogril.com\/fr\/#\/schema\/logo\/image\/"},"sameAs":["https:\/\/www.facebook.com\/NuovaDefim.Orsogril\/?locale=it_IT","https:\/\/x.com\/NuovaDefim","https:\/\/www.linkedin.com\/company\/nuova-defim\/?originalSubdomain=it","https:\/\/www.youtube.com\/user\/NuovaDefimSpa","https:\/\/www.instagram.com\/nuovadefimorsogril\/"]}]}},"_links":{"self":[{"href":"https:\/\/www.defimorsogril.com\/fr\/wp-json\/wp\/v2\/pages\/8722","targetHints":{"allow":["GET"]}}],"collection":[{"href":"https:\/\/www.defimorsogril.com\/fr\/wp-json\/wp\/v2\/pages"}],"about":[{"href":"https:\/\/www.defimorsogril.com\/fr\/wp-json\/wp\/v2\/types\/page"}],"author":[{"embeddable":true,"href":"https:\/\/www.defimorsogril.com\/fr\/wp-json\/wp\/v2\/users\/11754"}],"replies":[{"embeddable":true,"href":"https:\/\/www.defimorsogril.com\/fr\/wp-json\/wp\/v2\/comments?post=8722"}],"version-history":[{"count":1,"href":"https:\/\/www.defimorsogril.com\/fr\/wp-json\/wp\/v2\/pages\/8722\/revisions"}],"predecessor-version":[{"id":8723,"href":"https:\/\/www.defimorsogril.com\/fr\/wp-json\/wp\/v2\/pages\/8722\/revisions\/8723"}],"wp:attachment":[{"href":"https:\/\/www.defimorsogril.com\/fr\/wp-json\/wp\/v2\/media?parent=8722"}],"curies":[{"name":"wp","href":"https:\/\/api.w.org\/{rel}","templated":true}]}}