{"id":12487,"date":"2025-07-17T07:28:34","date_gmt":"2025-07-17T07:28:34","guid":{"rendered":"https:\/\/www.defimorsogril.com\/lasciati-ispirare-2\/"},"modified":"2025-10-13T13:19:18","modified_gmt":"2025-10-13T13:19:18","slug":"lasciati-ispirare","status":"publish","type":"page","link":"https:\/\/www.defimorsogril.com\/es\/dejate-inspirar\/","title":{"rendered":"D\u00e9jate inspirar"},"content":{"rendered":"","protected":false},"excerpt":{"rendered":"","protected":false},"author":11754,"featured_media":0,"parent":0,"menu_order":0,"comment_status":"closed","ping_status":"closed","template":"page-templates\/page-lasciati-ispirare-nuovo.php","meta":{"_acf_changed":false,"footnotes":""},"class_list":["post-12487","page","type-page","status-publish","hentry"],"acf":[],"yoast_head":"<!-- This site is optimized with the Yoast SEO plugin v26.2 - https:\/\/yoast.com\/wordpress\/plugins\/seo\/ -->\n<title>D\u00e9jate inspirar - Defim Orsogril<\/title>\n<meta name=\"description\" content=\"D\u00e9jate inspirar por los proyectos y realizaciones de Defim Orsogril en los sectores industrial, residencial, vitivin\u00edcola y p\u00fablico.\" \/>\n<meta name=\"robots\" content=\"index, follow, max-snippet:-1, max-image-preview:large, max-video-preview:-1\" \/>\n<link rel=\"canonical\" href=\"https:\/\/www.defimorsogril.com\/es\/dejate-inspirar\/\" \/>\n<meta property=\"og:locale\" content=\"es_ES\" \/>\n<meta property=\"og:type\" content=\"article\" \/>\n<meta property=\"og:title\" content=\"D\u00e9jate inspirar - Defim Orsogril\" \/>\n<meta property=\"og:description\" content=\"D\u00e9jate inspirar por los proyectos y realizaciones de Defim Orsogril en los sectores industrial, residencial, vitivin\u00edcola y p\u00fablico.\" \/>\n<meta property=\"og:url\" content=\"https:\/\/www.defimorsogril.com\/es\/dejate-inspirar\/\" \/>\n<meta property=\"og:site_name\" content=\"Defim Orsogril\" \/>\n<meta property=\"article:publisher\" content=\"https:\/\/www.facebook.com\/NuovaDefim.Orsogril\/?locale=it_IT\" \/>\n<meta property=\"article:modified_time\" content=\"2025-10-13T13:19:18+00:00\" \/>\n<meta name=\"twitter:card\" content=\"summary_large_image\" \/>\n<meta name=\"twitter:site\" content=\"@NuovaDefim\" \/>\n<script type=\"application\/ld+json\" class=\"yoast-schema-graph\">{\"@context\":\"https:\/\/schema.org\",\"@graph\":[{\"@type\":\"WebPage\",\"@id\":\"https:\/\/www.defimorsogril.com\/es\/dejate-inspirar\/\",\"url\":\"https:\/\/www.defimorsogril.com\/es\/dejate-inspirar\/\",\"name\":\"D\u00e9jate inspirar - Defim Orsogril\",\"isPartOf\":{\"@id\":\"https:\/\/www.defimorsogril.com\/es\/#website\"},\"datePublished\":\"2025-07-17T07:28:34+00:00\",\"dateModified\":\"2025-10-13T13:19:18+00:00\",\"description\":\"D\u00e9jate inspirar por los proyectos y realizaciones de Defim Orsogril en los sectores industrial, residencial, vitivin\u00edcola y p\u00fablico.\",\"breadcrumb\":{\"@id\":\"https:\/\/www.defimorsogril.com\/es\/dejate-inspirar\/#breadcrumb\"},\"inLanguage\":\"es\",\"potentialAction\":[{\"@type\":\"ReadAction\",\"target\":[\"https:\/\/www.defimorsogril.com\/es\/dejate-inspirar\/\"]}]},{\"@type\":\"BreadcrumbList\",\"@id\":\"https:\/\/www.defimorsogril.com\/es\/dejate-inspirar\/#breadcrumb\",\"itemListElement\":[{\"@type\":\"ListItem\",\"position\":1,\"name\":\"Home\",\"item\":\"https:\/\/www.defimorsogril.com\/es\/\"},{\"@type\":\"ListItem\",\"position\":2,\"name\":\"D\u00e9jate inspirar\"}]},{\"@type\":\"WebSite\",\"@id\":\"https:\/\/www.defimorsogril.com\/es\/#website\",\"url\":\"https:\/\/www.defimorsogril.com\/es\/\",\"name\":\"Defim Orsogril\",\"description\":\"Steel & Style\",\"publisher\":{\"@id\":\"https:\/\/www.defimorsogril.com\/es\/#organization\"},\"alternateName\":\"Defim\",\"potentialAction\":[{\"@type\":\"SearchAction\",\"target\":{\"@type\":\"EntryPoint\",\"urlTemplate\":\"https:\/\/www.defimorsogril.com\/es\/?s={search_term_string}\"},\"query-input\":{\"@type\":\"PropertyValueSpecification\",\"valueRequired\":true,\"valueName\":\"search_term_string\"}}],\"inLanguage\":\"es\"},{\"@type\":\"Organization\",\"@id\":\"https:\/\/www.defimorsogril.com\/es\/#organization\",\"name\":\"Defim Orsogril Spa\",\"alternateName\":\"Defim\",\"url\":\"https:\/\/www.defimorsogril.com\/es\/\",\"logo\":{\"@type\":\"ImageObject\",\"inLanguage\":\"es\",\"@id\":\"https:\/\/www.defimorsogril.com\/es\/#\/schema\/logo\/image\/\",\"url\":\"https:\/\/www.defimorsogril.com\/wp-content\/uploads\/2025\/03\/defim-orsogril-logo-white.svg\",\"contentUrl\":\"https:\/\/www.defimorsogril.com\/wp-content\/uploads\/2025\/03\/defim-orsogril-logo-white.svg\",\"width\":1,\"height\":1,\"caption\":\"Defim Orsogril Spa\"},\"image\":{\"@id\":\"https:\/\/www.defimorsogril.com\/es\/#\/schema\/logo\/image\/\"},\"sameAs\":[\"https:\/\/www.facebook.com\/NuovaDefim.Orsogril\/?locale=it_IT\",\"https:\/\/x.com\/NuovaDefim\",\"https:\/\/www.linkedin.com\/company\/nuova-defim\/?originalSubdomain=it\",\"https:\/\/www.youtube.com\/user\/NuovaDefimSpa\",\"https:\/\/www.instagram.com\/nuovadefimorsogril\/\"]}]}<\/script>\n<!-- \/ Yoast SEO plugin. -->","yoast_head_json":{"title":"D\u00e9jate inspirar - Defim Orsogril","description":"D\u00e9jate inspirar por los proyectos y realizaciones de Defim Orsogril en los sectores industrial, residencial, vitivin\u00edcola y p\u00fablico.","robots":{"index":"index","follow":"follow","max-snippet":"max-snippet:-1","max-image-preview":"max-image-preview:large","max-video-preview":"max-video-preview:-1"},"canonical":"https:\/\/www.defimorsogril.com\/es\/dejate-inspirar\/","og_locale":"es_ES","og_type":"article","og_title":"D\u00e9jate inspirar - Defim Orsogril","og_description":"D\u00e9jate inspirar por los proyectos y realizaciones de Defim Orsogril en los sectores industrial, residencial, vitivin\u00edcola y p\u00fablico.","og_url":"https:\/\/www.defimorsogril.com\/es\/dejate-inspirar\/","og_site_name":"Defim Orsogril","article_publisher":"https:\/\/www.facebook.com\/NuovaDefim.Orsogril\/?locale=it_IT","article_modified_time":"2025-10-13T13:19:18+00:00","twitter_card":"summary_large_image","twitter_site":"@NuovaDefim","schema":{"@context":"https:\/\/schema.org","@graph":[{"@type":"WebPage","@id":"https:\/\/www.defimorsogril.com\/es\/dejate-inspirar\/","url":"https:\/\/www.defimorsogril.com\/es\/dejate-inspirar\/","name":"D\u00e9jate inspirar - Defim Orsogril","isPartOf":{"@id":"https:\/\/www.defimorsogril.com\/es\/#website"},"datePublished":"2025-07-17T07:28:34+00:00","dateModified":"2025-10-13T13:19:18+00:00","description":"D\u00e9jate inspirar por los proyectos y realizaciones de Defim Orsogril en los sectores industrial, residencial, vitivin\u00edcola y p\u00fablico.","breadcrumb":{"@id":"https:\/\/www.defimorsogril.com\/es\/dejate-inspirar\/#breadcrumb"},"inLanguage":"es","potentialAction":[{"@type":"ReadAction","target":["https:\/\/www.defimorsogril.com\/es\/dejate-inspirar\/"]}]},{"@type":"BreadcrumbList","@id":"https:\/\/www.defimorsogril.com\/es\/dejate-inspirar\/#breadcrumb","itemListElement":[{"@type":"ListItem","position":1,"name":"Home","item":"https:\/\/www.defimorsogril.com\/es\/"},{"@type":"ListItem","position":2,"name":"D\u00e9jate inspirar"}]},{"@type":"WebSite","@id":"https:\/\/www.defimorsogril.com\/es\/#website","url":"https:\/\/www.defimorsogril.com\/es\/","name":"Defim Orsogril","description":"Steel & Style","publisher":{"@id":"https:\/\/www.defimorsogril.com\/es\/#organization"},"alternateName":"Defim","potentialAction":[{"@type":"SearchAction","target":{"@type":"EntryPoint","urlTemplate":"https:\/\/www.defimorsogril.com\/es\/?s={search_term_string}"},"query-input":{"@type":"PropertyValueSpecification","valueRequired":true,"valueName":"search_term_string"}}],"inLanguage":"es"},{"@type":"Organization","@id":"https:\/\/www.defimorsogril.com\/es\/#organization","name":"Defim Orsogril Spa","alternateName":"Defim","url":"https:\/\/www.defimorsogril.com\/es\/","logo":{"@type":"ImageObject","inLanguage":"es","@id":"https:\/\/www.defimorsogril.com\/es\/#\/schema\/logo\/image\/","url":"https:\/\/www.defimorsogril.com\/wp-content\/uploads\/2025\/03\/defim-orsogril-logo-white.svg","contentUrl":"https:\/\/www.defimorsogril.com\/wp-content\/uploads\/2025\/03\/defim-orsogril-logo-white.svg","width":1,"height":1,"caption":"Defim Orsogril Spa"},"image":{"@id":"https:\/\/www.defimorsogril.com\/es\/#\/schema\/logo\/image\/"},"sameAs":["https:\/\/www.facebook.com\/NuovaDefim.Orsogril\/?locale=it_IT","https:\/\/x.com\/NuovaDefim","https:\/\/www.linkedin.com\/company\/nuova-defim\/?originalSubdomain=it","https:\/\/www.youtube.com\/user\/NuovaDefimSpa","https:\/\/www.instagram.com\/nuovadefimorsogril\/"]}]}},"_links":{"self":[{"href":"https:\/\/www.defimorsogril.com\/es\/wp-json\/wp\/v2\/pages\/12487","targetHints":{"allow":["GET"]}}],"collection":[{"href":"https:\/\/www.defimorsogril.com\/es\/wp-json\/wp\/v2\/pages"}],"about":[{"href":"https:\/\/www.defimorsogril.com\/es\/wp-json\/wp\/v2\/types\/page"}],"author":[{"embeddable":true,"href":"https:\/\/www.defimorsogril.com\/es\/wp-json\/wp\/v2\/users\/11754"}],"replies":[{"embeddable":true,"href":"https:\/\/www.defimorsogril.com\/es\/wp-json\/wp\/v2\/comments?post=12487"}],"version-history":[{"count":1,"href":"https:\/\/www.defimorsogril.com\/es\/wp-json\/wp\/v2\/pages\/12487\/revisions"}],"predecessor-version":[{"id":12491,"href":"https:\/\/www.defimorsogril.com\/es\/wp-json\/wp\/v2\/pages\/12487\/revisions\/12491"}],"wp:attachment":[{"href":"https:\/\/www.defimorsogril.com\/es\/wp-json\/wp\/v2\/media?parent=12487"}],"curies":[{"name":"wp","href":"https:\/\/api.w.org\/{rel}","templated":true}]}}